{"id":41,"date":"2025-02-19T12:07:39","date_gmt":"2025-02-19T15:07:39","guid":{"rendered":"https:\/\/www.revlimit.com.br\/?page_id=41"},"modified":"2025-02-19T15:36:42","modified_gmt":"2025-02-19T18:36:42","slug":"solucoes","status":"publish","type":"page","link":"https:\/\/www.revlimit.com.br\/?page_id=41","title":{"rendered":"PRODUTOS"},"content":{"rendered":"\n<p>Aqui a lista dos produtos que estamos trabalhando para trazer para o seu Kart:<\/p>\n\n\n\n<p><strong><span style=\"text-decoration: underline;\">INJE\u00c7\u00c3O ELETR\u00d4NICA<\/span><\/strong><\/p>\n\n\n\n<p>Estamos desenvolvendo uma linha de inje\u00e7\u00e3o eletr\u00f4nica que atende a sua necessidade!<\/p>\n\n\n\n<p><strong>AMADOR<\/strong><\/p>\n\n\n\n<p>A linha AMADOR oferece todas as vantagens de uma inje\u00e7\u00e3o eletr\u00f4nica program\u00e1vel com menos custo e menos adapta\u00e7\u00e3o de pe\u00e7as externas. Nessa vers\u00e3o, voc\u00ea pode escolher o sensor de rota\u00e7\u00e3o indutivo ou hall,  bobina com ou sem driver interno, e pode at\u00e9 utilizar o volante original com magneto sem a roda f\u00f4nica<sup data-fn=\"a239fe42-a5ed-463d-9cd4-48aef70a0fb8\" class=\"fn\"><a href=\"#a239fe42-a5ed-463d-9cd4-48aef70a0fb8\" id=\"a239fe42-a5ed-463d-9cd4-48aef70a0fb8-link\">1<\/a><\/sup>. Al\u00e9m dos recursos de conectividade via Bluetooth ou Wifi para que voc\u00ea possa usar o seu DASH preferido no seu telefone celular, por exemplo, e monitorar em tempo real v\u00e1rios elementos da telemetria dispon\u00edveis. <\/p>\n\n\n\n<p><strong>PRO<\/strong><\/p>\n\n\n\n<p>A linha profissional te d\u00e1 a liberdade de preparar o seu kart da maneira que voc\u00ea quiser. Com a utiliza\u00e7\u00e3o de roda f\u00f4nica para aquisi\u00e7\u00e3o da posi\u00e7\u00e3o do virabrequim, o ganho de estabilidade e de rendimento do motor \u00e9 not\u00e1vel. Isso associado a uma redu\u00e7\u00e3o sens\u00edvel de combust\u00edvel, que pode ser muito \u00fatil em provas de endurance. Voc\u00ea comprar e instalar o seu kit, ou utilizar dos nossos servi\u00e7os de adapta\u00e7\u00e3o completo. Al\u00e9m do acesso por bluetooth ou wifi para utiliza\u00e7\u00e3o de DASH, um segundo acesso simult\u00e2neo via WIFI pode ser feito para monitoramento remoto da telemetria e dos par\u00e2metros da inje\u00e7\u00e3o. O sistema de LOG ir\u00e1 contar com 1GB de armazenamento, que poder\u00e1 ser acessado via Wifi a qualquer momento. A taxa de amostragem de dados pode atingir 10MHZ em canais espec\u00edficos para uma resolu\u00e7\u00e3o impec\u00e1vel dos dados. Sistemas com GPS de 10HZ est\u00e3o em desenvolvimento e estar\u00e3o dispon\u00edveis em breve. <\/p>\n\n\n\n<p><strong>COMPETITION<\/strong><\/p>\n\n\n\n<p>Motores montados com a mesma configura\u00e7\u00e3o da linha PRO, equalizados para que possam ser utilizados em competi\u00e7\u00f5es onde o regulamento permite, como por exemplo, a categoria for\u00e7a-livre.<\/p>\n\n\n\n<p><\/p>\n\n\n\n<p><strong><span style=\"text-decoration: underline;\">PARA O MOTOR<\/span><\/strong><\/p>\n\n\n\n<p><strong>BIELAS<\/strong><\/p>\n\n\n\n<p>Confeccionada em alum\u00ednio aeron\u00e1utico billet em CNC de alta precis\u00e3o, a biela Revlimit\/Automec \u00e9 uma pe\u00e7a essencial para o seu motor conseguir lidar com a pot\u00eancia extra em rota\u00e7\u00f5es mais altas.<\/p>\n\n\n\n<p><strong>RODA FONICA<\/strong><\/p>\n\n\n\n<p>Confeccionado em a\u00e7o carbono e cortado a laser, a roda f\u00f4nica Revlimit\/Automec foi projetada para ser adaptada no volante original do seu motor, ou seja, voc\u00ea n\u00e3o precisa comprar um novo volante ou adaptar pe\u00e7a de algum outro motor, como as rodas fonicas de moto. J\u00e1 tem o c\u00e1lculo otimizado de intervalo entre os dentes que garantem um funcionamento muito mais homog\u00eaneo do motor em qualquer situa\u00e7\u00e3o.<\/p>\n\n\n\n<p><strong>ITB<\/strong><\/p>\n\n\n\n<p>O corpo de borboletas Revlimit\/Automec j\u00e1 vem pronto para ser aparafusado no seu motor, sem adapta\u00e7\u00f5es. O encaixe do bico injetor permite a utiliza\u00e7\u00e3o de bicos automotivos, resultando em mais op\u00e7\u00f5es e menor custo.<\/p>\n\n\n\n<p><\/p>\n\n\n\n<p><\/p>\n\n\n\n<p><strong><span style=\"text-decoration: underline;\">PARA O SEU KART\u00d3DROMO<\/span><\/strong><\/p>\n\n\n\n<p><\/p>\n\n\n\n<p>A REVLIMIT tamb\u00e9m tem algumas solu\u00e7\u00f5es que podem ajudar voc\u00ea que tem uma pista de Kart indoor. <\/p>\n\n\n\n<p><strong>INJE\u00c7\u00c3O INDOOR<\/strong><\/p>\n\n\n\n<p>Com menos adapta\u00e7\u00e3o, a inje\u00e7\u00e3o eletr\u00f4nica para Indoor garante um funcionamento equalizado e um consumo de combust\u00edvel sensivelmente menor para o seu rental. Conta com op\u00e7\u00f5es de conectividade, que podem ser utilizadas junto com o <strong>Painel do Diretor de Prova<\/strong> para melhorar ainda mais a seguran\u00e7a e a divers\u00e3o do seu kart\u00f3dromo. Com fun\u00e7\u00f5es como bandeira amarela virtual e desligamento remoto, o diretor de prova pode controlar em tempo real um ou todos os karts simultanemanente, diminuindo as chances de ferimentos ou preju\u00edzos em casos de acidentes em alta velocidade causados por falta de aten\u00e7\u00e3o ou desobedi\u00eancia do piloto.<\/p>\n\n\n\n<p><\/p>\n\n\n\n<p><strong>PAINEL DO DIRETOR DE PROVA<\/strong><\/p>\n\n\n\n<p>O painel do diretor de prova permite que todos os Karts equipados com o sistema de gerenciamento remoto sejam monitorados em tempo real e recebam comandos, que podem ser enviados para um kart espec\u00edfico ou para todos os karts simultanemante. <\/p>\n\n\n\n<p><\/p>\n\n\n\n<p><strong>BANDEIRA AMARELA VIRTUAL<\/strong>: Todos os karts tem sua velocidade limitada eletronicamente minimizando os riscos de acidentes causados por desaten\u00e7\u00e3o ou desobedi\u00eancia da bandeira amarela f\u00edsica. <\/p>\n\n\n\n<p><\/p>\n\n\n\n<p><strong>BANDEIRA VERMELHA VIRTUAL:<\/strong> Todos os Karts tem seu motor colocados em ponto morto, onde continuam ligados, mas n\u00e3o conseguem mais acelerar nem andar.<\/p>\n\n\n\n<p><\/p>\n\n\n\n<p><strong>DESCLASSIFICA\u00c7\u00c3O VIRTUAL<\/strong>: No caso de algum piloto desobedecer a bandeira de desclassifica\u00e7\u00e3o, o motor do kart em quest\u00e3o pode ser completamente desligado com um apertar de bot\u00e3o.<\/p>\n\n\n\n<p><\/p>\n\n\n\n<p><strong>AJUSTE DE POTENCIA:<\/strong> Os karts poder\u00e3o ser previamente programados para que tenha sua pot\u00eancia ajustada eletronicamente com dois par\u00e2metros, para diferentes categorias de pilotos, sem a necessidade de utilizar restritores no carburador, que geram alguns efeitos indesej\u00e1veis, como o excessivo aumento no consumo de combust\u00edvel e o not\u00f3rio desequil\u00edbrio de desempenho entre os  karts.<\/p>\n\n\n\n<p><\/p>\n\n\n\n<p><strong>TELEMETRIA REAL TIME: <\/strong>Dados de telemetria como carga da bateria, temperatura, rota\u00e7\u00e3o, posi\u00e7\u00e3o do pedal de acelerador tamb\u00e9m poder\u00e3o ser monitorados em tempo real pelo diretor de prova para poss\u00edveis diagn\u00f3sticos, reparos ou troca de Kart. <\/p>\n\n\n\n<p><\/p>\n\n\n<ol class=\"wp-block-footnotes\"><li id=\"a239fe42-a5ed-463d-9cd4-48aef70a0fb8\">Para volante original com magneto \u00e9 necess\u00e1ria a aquisi\u00e7\u00e3o do sensor espec\u00edfico para volantes de magneto. <a href=\"#a239fe42-a5ed-463d-9cd4-48aef70a0fb8-link\" aria-label=\"Jump to footnote reference 1\">\u21a9\ufe0e<\/a><\/li><\/ol>","protected":false},"excerpt":{"rendered":"<p>Aqui a lista dos produtos que estamos trabalhando para trazer para o seu Kart: INJE\u00c7\u00c3O ELETR\u00d4NICA Estamos desenvolvendo uma linha de inje\u00e7\u00e3o eletr\u00f4nica que atende a sua necessidade! AMADOR A linha AMADOR oferece todas as vantagens de uma inje\u00e7\u00e3o eletr\u00f4nica program\u00e1vel com menos custo e menos adapta\u00e7\u00e3o de pe\u00e7as externas. Nessa vers\u00e3o, voc\u00ea pode escolher [&hellip;]<\/p>\n","protected":false},"author":1,"featured_media":0,"parent":0,"menu_order":0,"comment_status":"closed","ping_status":"closed","template":"","meta":{"footnotes":"[{\"content\":\"Para volante original com magneto \u00e9 necess\u00e1ria a aquisi\u00e7\u00e3o do sensor espec\u00edfico para volantes de magneto.\",\"id\":\"a239fe42-a5ed-463d-9cd4-48aef70a0fb8\"}]"},"class_list":["post-41","page","type-page","status-publish","hentry"],"_links":{"self":[{"href":"https:\/\/www.revlimit.com.br\/index.php?rest_route=\/wp\/v2\/pages\/41","targetHints":{"allow":["GET"]}}],"collection":[{"href":"https:\/\/www.revlimit.com.br\/index.php?rest_route=\/wp\/v2\/pages"}],"about":[{"href":"https:\/\/www.revlimit.com.br\/index.php?rest_route=\/wp\/v2\/types\/page"}],"author":[{"embeddable":true,"href":"https:\/\/www.revlimit.com.br\/index.php?rest_route=\/wp\/v2\/users\/1"}],"replies":[{"embeddable":true,"href":"https:\/\/www.revlimit.com.br\/index.php?rest_route=%2Fwp%2Fv2%2Fcomments&post=41"}],"version-history":[{"count":6,"href":"https:\/\/www.revlimit.com.br\/index.php?rest_route=\/wp\/v2\/pages\/41\/revisions"}],"predecessor-version":[{"id":80,"href":"https:\/\/www.revlimit.com.br\/index.php?rest_route=\/wp\/v2\/pages\/41\/revisions\/80"}],"wp:attachment":[{"href":"https:\/\/www.revlimit.com.br\/index.php?rest_route=%2Fwp%2Fv2%2Fmedia&parent=41"}],"curies":[{"name":"wp","href":"https:\/\/api.w.org\/{rel}","templated":true}]}}