{"id":45,"date":"2025-02-19T12:39:24","date_gmt":"2025-02-19T15:39:24","guid":{"rendered":"https:\/\/www.revlimit.com.br\/?page_id=45"},"modified":"2025-02-19T14:15:07","modified_gmt":"2025-02-19T17:15:07","slug":"revlimit","status":"publish","type":"page","link":"https:\/\/www.revlimit.com.br\/?page_id=45","title":{"rendered":"Revlimit"},"content":{"rendered":"\n<p>Sediados em Bras\u00edlia -DF, somos uma pequena equipe que desenvolveu um sistema de inje\u00e7\u00e3o eletr\u00f4nica para motores estacion\u00e1rios. Muitas horas de dinam\u00f4metro, muita gasolina, muito desenvolvimento e principalmente muito trabalho depois, finalmente podemos oferecer um produto que vai mudar a vida para quem corre de Kart com motor 4 tempos. <\/p>\n\n\n\n<p>Ganhos significativos de tempo por volta, redu\u00e7\u00e3o consider\u00e1vel de consumo s\u00e3o apenas alguns dos pontos que a nossa inje\u00e7\u00e3o eletr\u00f4nica oferece. <\/p>\n\n\n\n<p>Em cada teste, cada puxada no dinam\u00f4metro, cada linha de c\u00f3digo escrita foi pensando em uma maneira de modernizar definitivamente os nossos motores pra gente poder curtir nossas idas ao kart\u00f3dromo com cada vez mais emo\u00e7\u00e3o!<\/p>\n\n\n\n<p><\/p>\n\n\n\n<p>E claro, pensamos tamb\u00e9m naqueles que andam de Kart Indoor, onde nossos produtos v\u00e3o ser diferenciais. Sua corrida vai ser mais diverdida, com menos diferen\u00e7a de tempo entre os karts e com melhorias na seguran\u00e7a.<\/p>\n\n\n\n<p>Imagina esse cen\u00e1rio: Voc\u00ea andando com seus amigos e o kart que voc\u00ea pegou \u00e9 muito lento, mas o seu rival pegou um muito r\u00e1pido e voc\u00ea n\u00e3o consegue fazer nada para acompanhar.  Com a inje\u00e7\u00e3o, isso acaba! Os karts v\u00e3o ter muito menos diferen\u00e7a entre si. A\u00ed vai depender do quanto voc\u00ea acelera!<\/p>\n\n\n\n<p>N\u00e3o sou da gera\u00e7\u00e3o de registrar o passo a passo das coisas que eu fa\u00e7o, mas se algu\u00e9m quiser, pode <a href=\"?page_id=59\">conferir algumas fotos aqui!<\/a><\/p>\n\n\n\n<p>Caso tenha interesse, entre em contato pelo email: <a href=\"mailto:revlimit@revlimit.com.br\">revlimit@revlimit.com.br<\/a><\/p>\n\n\n\n<p><\/p>\n\n\n\n<p><\/p>\n\n\n\n<p><\/p>\n","protected":false},"excerpt":{"rendered":"<p>Sediados em Bras\u00edlia -DF, somos uma pequena equipe que desenvolveu um sistema de inje\u00e7\u00e3o eletr\u00f4nica para motores estacion\u00e1rios. Muitas horas de dinam\u00f4metro, muita gasolina, muito desenvolvimento e principalmente muito trabalho depois, finalmente podemos oferecer um produto que vai mudar a vida para quem corre de Kart com motor 4 tempos. Ganhos significativos de tempo por [&hellip;]<\/p>\n","protected":false},"author":1,"featured_media":0,"parent":0,"menu_order":0,"comment_status":"closed","ping_status":"closed","template":"","meta":{"footnotes":""},"class_list":["post-45","page","type-page","status-publish","hentry"],"_links":{"self":[{"href":"https:\/\/www.revlimit.com.br\/index.php?rest_route=\/wp\/v2\/pages\/45","targetHints":{"allow":["GET"]}}],"collection":[{"href":"https:\/\/www.revlimit.com.br\/index.php?rest_route=\/wp\/v2\/pages"}],"about":[{"href":"https:\/\/www.revlimit.com.br\/index.php?rest_route=\/wp\/v2\/types\/page"}],"author":[{"embeddable":true,"href":"https:\/\/www.revlimit.com.br\/index.php?rest_route=\/wp\/v2\/users\/1"}],"replies":[{"embeddable":true,"href":"https:\/\/www.revlimit.com.br\/index.php?rest_route=%2Fwp%2Fv2%2Fcomments&post=45"}],"version-history":[{"count":4,"href":"https:\/\/www.revlimit.com.br\/index.php?rest_route=\/wp\/v2\/pages\/45\/revisions"}],"predecessor-version":[{"id":72,"href":"https:\/\/www.revlimit.com.br\/index.php?rest_route=\/wp\/v2\/pages\/45\/revisions\/72"}],"wp:attachment":[{"href":"https:\/\/www.revlimit.com.br\/index.php?rest_route=%2Fwp%2Fv2%2Fmedia&parent=45"}],"curies":[{"name":"wp","href":"https:\/\/api.w.org\/{rel}","templated":true}]}}